{"id":21891,"date":"2022-09-04T15:59:35","date_gmt":"2022-09-04T13:59:35","guid":{"rendered":"https:\/\/www.voltaire-avocats.com\/our-team\/anne-vincent-ibarrondo\/"},"modified":"2025-05-05T12:24:05","modified_gmt":"2025-05-05T10:24:05","slug":"anne-vincent-ibarrondo","status":"publish","type":"page","link":"https:\/\/www.voltaire-avocats.com\/en\/our-team\/anne-vincent-ibarrondo\/","title":{"rendered":"Anne Vincent-Ibarrondo"},"content":{"rendered":"\t\t<div data-elementor-type=\"wp-page\" data-elementor-id=\"21891\" class=\"elementor elementor-21891 elementor-16468\" data-elementor-post-type=\"page\">\n\t\t\t\t\t\t<section class=\"elementor-section elementor-top-section elementor-element elementor-element-1203704d elementor-section-boxed elementor-section-height-default elementor-section-height-default\" data-id=\"1203704d\" data-element_type=\"section\" data-e-type=\"section\">\n\t\t\t\t\t\t<div class=\"elementor-container elementor-column-gap-default\">\n\t\t\t\t\t<div class=\"elementor-column elementor-col-33 elementor-top-column elementor-element elementor-element-606ae992\" data-id=\"606ae992\" data-element_type=\"column\" data-e-type=\"column\">\n\t\t\t<div class=\"elementor-widget-wrap\">\n\t\t\t\t\t\t\t<\/div>\n\t\t<\/div>\n\t\t\t\t<div class=\"elementor-column elementor-col-66 elementor-top-column elementor-element elementor-element-41cd91f7\" data-id=\"41cd91f7\" data-element_type=\"column\" data-e-type=\"column\" data-settings=\"{&quot;background_background&quot;:&quot;classic&quot;}\">\n\t\t\t<div class=\"elementor-widget-wrap elementor-element-populated\">\n\t\t\t\t\t\t\t<\/div>\n\t\t<\/div>\n\t\t\t\t\t<\/div>\n\t\t<\/section>\n\t\t\t\t<section class=\"elementor-section elementor-top-section elementor-element elementor-element-57df8aaf elementor-section-boxed elementor-section-height-default elementor-section-height-default\" data-id=\"57df8aaf\" data-element_type=\"section\" data-e-type=\"section\">\n\t\t\t\t\t\t<div class=\"elementor-container elementor-column-gap-default\">\n\t\t\t\t\t<div class=\"elementor-column elementor-col-50 elementor-top-column elementor-element elementor-element-51787fb7\" data-id=\"51787fb7\" data-element_type=\"column\" data-e-type=\"column\" data-settings=\"{&quot;background_background&quot;:&quot;classic&quot;}\">\n\t\t\t<div class=\"elementor-widget-wrap elementor-element-populated\">\n\t\t\t\t\t\t<section class=\"elementor-section elementor-inner-section elementor-element elementor-element-a70d70e elementor-section-boxed elementor-section-height-default elementor-section-height-default\" data-id=\"a70d70e\" data-element_type=\"section\" data-e-type=\"section\">\n\t\t\t\t\t\t<div class=\"elementor-container elementor-column-gap-default\">\n\t\t\t\t\t<div class=\"elementor-column elementor-col-50 elementor-inner-column elementor-element elementor-element-6446f43d\" data-id=\"6446f43d\" data-element_type=\"column\" data-e-type=\"column\" data-settings=\"{&quot;background_background&quot;:&quot;classic&quot;}\">\n\t\t\t<div class=\"elementor-widget-wrap elementor-element-populated\">\n\t\t\t\t\t\t<div class=\"elementor-element elementor-element-7357c5d6 elementor-widget elementor-widget-image\" data-id=\"7357c5d6\" data-element_type=\"widget\" data-e-type=\"widget\" data-widget_type=\"image.default\">\n\t\t\t\t<div class=\"elementor-widget-container\">\n\t\t\t\t\t\t\t\t\t\t\t\t\t\t\t<img fetchpriority=\"high\" decoding=\"async\" width=\"445\" height=\"543\" src=\"https:\/\/www.voltaire-avocats.com\/wp-content\/uploads\/2022\/09\/ANNE-VINCENT.jpg\" class=\"attachment-large size-large wp-image-21432\" alt=\"\" srcset=\"https:\/\/www.voltaire-avocats.com\/wp-content\/uploads\/2022\/09\/ANNE-VINCENT.jpg 445w, https:\/\/www.voltaire-avocats.com\/wp-content\/uploads\/2022\/09\/ANNE-VINCENT-246x300.jpg 246w\" sizes=\"(max-width: 445px) 100vw, 445px\" title=\"ANNE-VINCENT\" \/>\t\t\t\t\t\t\t\t\t\t\t\t\t\t\t<\/div>\n\t\t\t\t<\/div>\n\t\t\t\t<div class=\"elementor-element-custom_font_weight elementor-element-custom_color elementor-element elementor-element-108276ed elementor-widget elementor-widget-text-editor\" data-id=\"108276ed\" data-element_type=\"widget\" data-e-type=\"widget\" data-widget_type=\"text-editor.default\">\n\t\t\t\t<div class=\"elementor-widget-container\">\n\t\t\t\t\t\t\t\t\t<p>av@voltaire-avocats.com<\/p>\t\t\t\t\t\t\t\t<\/div>\n\t\t\t\t<\/div>\n\t\t\t\t<div class=\"elementor-element elementor-element-15bd825d elementor-align-center btn-voltaire-100 elementor-widget elementor-widget-button\" data-id=\"15bd825d\" data-element_type=\"widget\" data-e-type=\"widget\" data-widget_type=\"button.default\">\n\t\t\t\t<div class=\"elementor-widget-container\">\n\t\t\t\t\t\t\t\t\t<div class=\"elementor-button-wrapper\">\n\t\t\t\t\t<a class=\"elementor-button elementor-button-link elementor-size-sm\" href=\"https:\/\/fr.linkedin.com\/in\/anne-vincent-ibarrondo-849082167\/\" target=\"_blank\">\n\t\t\t\t\t\t<span class=\"elementor-button-content-wrapper\">\n\t\t\t\t\t\t<span class=\"elementor-button-icon\">\n\t\t\t\t<i aria-hidden=\"true\" class=\"fab fa-linkedin-in\"><\/i>\t\t\t<\/span>\n\t\t\t\t\t\t\t\t\t<span class=\"elementor-button-text\">See my profile<\/span>\n\t\t\t\t\t<\/span>\n\t\t\t\t\t<\/a>\n\t\t\t\t<\/div>\n\t\t\t\t\t\t\t\t<\/div>\n\t\t\t\t<\/div>\n\t\t\t\t<div class=\"elementor-element elementor-element-75f419aa elementor-align-center btn-voltaire-100 elementor-widget elementor-widget-button\" data-id=\"75f419aa\" data-element_type=\"widget\" data-e-type=\"widget\" data-widget_type=\"button.default\">\n\t\t\t\t<div class=\"elementor-widget-container\">\n\t\t\t\t\t\t\t\t\t<div class=\"elementor-button-wrapper\">\n\t\t\t\t\t<a class=\"elementor-button elementor-button-link elementor-size-sm\" href=\"https:\/\/www.voltaire-avocats.com\/en\/contact-us\/\">\n\t\t\t\t\t\t<span class=\"elementor-button-content-wrapper\">\n\t\t\t\t\t\t<span class=\"elementor-button-icon\">\n\t\t\t\t<i aria-hidden=\"true\" class=\"far fa-paper-plane\"><\/i>\t\t\t<\/span>\n\t\t\t\t\t\t\t\t\t<span class=\"elementor-button-text\">Contact us<\/span>\n\t\t\t\t\t<\/span>\n\t\t\t\t\t<\/a>\n\t\t\t\t<\/div>\n\t\t\t\t\t\t\t\t<\/div>\n\t\t\t\t<\/div>\n\t\t\t\t<div class=\"elementor-element elementor-element-491083c1 elementor-align-center btn-voltaire-100 elementor-widget elementor-widget-button\" data-id=\"491083c1\" data-element_type=\"widget\" data-e-type=\"widget\" data-widget_type=\"button.default\">\n\t\t\t\t<div class=\"elementor-widget-container\">\n\t\t\t\t\t\t\t\t\t<div class=\"elementor-button-wrapper\">\n\t\t\t\t\t<a class=\"elementor-button elementor-button-link elementor-size-sm\" href=\"https:\/\/www.voltaire-avocats.com\/en\/our-team\/\">\n\t\t\t\t\t\t<span class=\"elementor-button-content-wrapper\">\n\t\t\t\t\t\t<span class=\"elementor-button-icon\">\n\t\t\t\t<i aria-hidden=\"true\" class=\"fas fa-long-arrow-alt-right\"><\/i>\t\t\t<\/span>\n\t\t\t\t\t\t\t\t\t<span class=\"elementor-button-text\">See our team<\/span>\n\t\t\t\t\t<\/span>\n\t\t\t\t\t<\/a>\n\t\t\t\t<\/div>\n\t\t\t\t\t\t\t\t<\/div>\n\t\t\t\t<\/div>\n\t\t\t\t\t<\/div>\n\t\t<\/div>\n\t\t\t\t<div class=\"elementor-column elementor-col-50 elementor-inner-column elementor-element elementor-element-34efd414\" data-id=\"34efd414\" data-element_type=\"column\" data-e-type=\"column\">\n\t\t\t<div class=\"elementor-widget-wrap elementor-element-populated\">\n\t\t\t\t\t\t<div class=\"elementor-element elementor-element-1d8953ea elementor-widget elementor-widget-heading\" data-id=\"1d8953ea\" data-element_type=\"widget\" data-e-type=\"widget\" data-widget_type=\"heading.default\">\n\t\t\t\t<div class=\"elementor-widget-container\">\n\t\t\t\t\t<h1 class=\"elementor-heading-title elementor-size-default\">Anne Vincent-Ibarrondo<br><span style=\"text-transform:none;font-size:24px;color:#1D1E29\">Partner<\/span><\/h1>\t\t\t\t<\/div>\n\t\t\t\t<\/div>\n\t\t\t\t<div class=\"elementor-element-custom_line_height elementor-element elementor-element-7a3b847 elementor-widget elementor-widget-text-editor\" data-id=\"7a3b847\" data-element_type=\"widget\" data-e-type=\"widget\" data-widget_type=\"text-editor.default\">\n\t\t\t\t<div class=\"elementor-widget-container\">\n\t\t\t\t\t\t\t\t\t<p>A graduate of the DEA in general private law, Anne VINCENT-IBARRONDO began her career in 2003 in the firm of Me Michel BERTIN. She joined VOLTAIRE AVOCATS in 2007, becoming a Partner in 2012.<\/p><p>Anne VINCENT-IBARRONDO mainly works in individual and collective litigation as well as in social security law. She regularly leads training in Labor Law.<\/p>\t\t\t\t\t\t\t\t<\/div>\n\t\t\t\t<\/div>\n\t\t\t\t<div class=\"elementor-element elementor-element-46b19dd9 accordion-voltaire-collaborateur elementor-widget elementor-widget-gt3-core-accordion\" data-id=\"46b19dd9\" data-element_type=\"widget\" data-e-type=\"widget\" data-widget_type=\"gt3-core-accordion.default\">\n\t\t\t\t<div class=\"elementor-widget-container\">\n\t\t\t\t\t\t<div class=\"accordion_wrapper\" data-settings=\"{&quot;collapsible&quot;:true,&quot;active&quot;:false}\">\n\t<div class=\"item_title\">Formation<\/div><div class=\"item_content\"><ul><li>DEA de Droit priv\u00e9 g\u00e9n\u00e9ral (Universit\u00e9 Paris I Sorbonne \u2013 1998)<\/li><li>Certificat d\u2019aptitude \u00e0 la profession d\u2019Avocat (EFB PARIS \u2013 2002)<\/li><\/ul><\/div><\/div><script type=\"application\/json\" id=\"settings--46b19dd9\">{\"collapsible\":true,\"active\":false}<\/script>\t\t\t\t<\/div>\n\t\t\t\t<\/div>\n\t\t\t\t\t<\/div>\n\t\t<\/div>\n\t\t\t\t\t<\/div>\n\t\t<\/section>\n\t\t\t\t\t<\/div>\n\t\t<\/div>\n\t\t\t\t<div class=\"elementor-column elementor-col-50 elementor-top-column elementor-element elementor-element-450e9b2e\" data-id=\"450e9b2e\" data-element_type=\"column\" data-e-type=\"column\">\n\t\t\t<div class=\"elementor-widget-wrap\">\n\t\t\t\t\t\t\t<\/div>\n\t\t<\/div>\n\t\t\t\t\t<\/div>\n\t\t<\/section>\n\t\t\t\t<\/div>\n\t\t","protected":false},"excerpt":{"rendered":"<p>av@voltaire-avocats.com See my profile Contact us See our team Anne Vincent-IbarrondoPartner A graduate of the DEA in general private law, Anne VINCENT-IBARRONDO began her career in 2003 in the firm of Me Michel BERTIN. She joined VOLTAIRE AVOCATS in 2007, becoming a Partner in 2012. Anne VINCENT-IBARRONDO mainly works in individual and collective litigation as [&hellip;]<\/p>\n","protected":false},"author":1,"featured_media":0,"parent":21869,"menu_order":40,"comment_status":"closed","ping_status":"closed","template":"","meta":{"_acf_changed":false,"_seopress_robots_primary_cat":"","_seopress_titles_title":"Anne Vincent-Ibarrondo : Avocat en droit social | Voltaire Avocats","_seopress_titles_desc":"Anne Vincent-Ibarrondo - Voltaire Avocats intervient en contentieux individuels et collectifs, droit de la s\u00e9curit\u00e9 sociale et formations en Droit Social.","_seopress_robots_index":"","footnotes":""},"class_list":["post-21891","page","type-page","status-publish","hentry"],"acf":[],"_links":{"self":[{"href":"https:\/\/www.voltaire-avocats.com\/en\/wp-json\/wp\/v2\/pages\/21891","targetHints":{"allow":["GET"]}}],"collection":[{"href":"https:\/\/www.voltaire-avocats.com\/en\/wp-json\/wp\/v2\/pages"}],"about":[{"href":"https:\/\/www.voltaire-avocats.com\/en\/wp-json\/wp\/v2\/types\/page"}],"author":[{"embeddable":true,"href":"https:\/\/www.voltaire-avocats.com\/en\/wp-json\/wp\/v2\/users\/1"}],"replies":[{"embeddable":true,"href":"https:\/\/www.voltaire-avocats.com\/en\/wp-json\/wp\/v2\/comments?post=21891"}],"version-history":[{"count":2,"href":"https:\/\/www.voltaire-avocats.com\/en\/wp-json\/wp\/v2\/pages\/21891\/revisions"}],"predecessor-version":[{"id":27088,"href":"https:\/\/www.voltaire-avocats.com\/en\/wp-json\/wp\/v2\/pages\/21891\/revisions\/27088"}],"up":[{"embeddable":true,"href":"https:\/\/www.voltaire-avocats.com\/en\/wp-json\/wp\/v2\/pages\/21869"}],"wp:attachment":[{"href":"https:\/\/www.voltaire-avocats.com\/en\/wp-json\/wp\/v2\/media?parent=21891"}],"curies":[{"name":"wp","href":"https:\/\/api.w.org\/{rel}","templated":true}]}}