{"id":26742,"date":"2025-03-03T11:22:38","date_gmt":"2025-03-03T10:22:38","guid":{"rendered":"https:\/\/www.voltaire-avocats.com\/our-team\/celestine-masse\/"},"modified":"2025-05-05T12:23:20","modified_gmt":"2025-05-05T10:23:20","slug":"celestine-masse","status":"publish","type":"page","link":"https:\/\/www.voltaire-avocats.com\/en\/our-team\/celestine-masse\/","title":{"rendered":"C\u00e9lestine Masse"},"content":{"rendered":"\t\t<div data-elementor-type=\"wp-page\" data-elementor-id=\"26742\" class=\"elementor elementor-26742 elementor-26729\" data-elementor-post-type=\"page\">\n\t\t\t\t\t\t<section class=\"elementor-section elementor-top-section elementor-element elementor-element-d3111ef elementor-section-boxed elementor-section-height-default elementor-section-height-default\" data-id=\"d3111ef\" data-element_type=\"section\" data-e-type=\"section\">\n\t\t\t\t\t\t<div class=\"elementor-container elementor-column-gap-default\">\n\t\t\t\t\t<div class=\"elementor-column elementor-col-33 elementor-top-column elementor-element elementor-element-dfad795\" data-id=\"dfad795\" data-element_type=\"column\" data-e-type=\"column\">\n\t\t\t<div class=\"elementor-widget-wrap\">\n\t\t\t\t\t\t\t<\/div>\n\t\t<\/div>\n\t\t\t\t<div class=\"elementor-column elementor-col-66 elementor-top-column elementor-element elementor-element-9140833\" data-id=\"9140833\" data-element_type=\"column\" data-e-type=\"column\" data-settings=\"{&quot;background_background&quot;:&quot;classic&quot;}\">\n\t\t\t<div class=\"elementor-widget-wrap elementor-element-populated\">\n\t\t\t\t\t\t\t<\/div>\n\t\t<\/div>\n\t\t\t\t\t<\/div>\n\t\t<\/section>\n\t\t\t\t<section class=\"elementor-section elementor-top-section elementor-element elementor-element-a86f00d elementor-section-boxed elementor-section-height-default elementor-section-height-default\" data-id=\"a86f00d\" data-element_type=\"section\" data-e-type=\"section\">\n\t\t\t\t\t\t<div class=\"elementor-container elementor-column-gap-default\">\n\t\t\t\t\t<div class=\"elementor-column elementor-col-50 elementor-top-column elementor-element elementor-element-407dd0a\" data-id=\"407dd0a\" data-element_type=\"column\" data-e-type=\"column\" data-settings=\"{&quot;background_background&quot;:&quot;classic&quot;}\">\n\t\t\t<div class=\"elementor-widget-wrap elementor-element-populated\">\n\t\t\t\t\t\t<section class=\"elementor-section elementor-inner-section elementor-element elementor-element-98f754e elementor-section-boxed elementor-section-height-default elementor-section-height-default\" data-id=\"98f754e\" data-element_type=\"section\" data-e-type=\"section\">\n\t\t\t\t\t\t<div class=\"elementor-container elementor-column-gap-default\">\n\t\t\t\t\t<div class=\"elementor-column elementor-col-50 elementor-inner-column elementor-element elementor-element-f777ec5\" data-id=\"f777ec5\" data-element_type=\"column\" data-e-type=\"column\" data-settings=\"{&quot;background_background&quot;:&quot;classic&quot;}\">\n\t\t\t<div class=\"elementor-widget-wrap elementor-element-populated\">\n\t\t\t\t\t\t<div class=\"elementor-element elementor-element-041256d elementor-widget elementor-widget-image\" data-id=\"041256d\" data-element_type=\"widget\" data-e-type=\"widget\" data-widget_type=\"image.default\">\n\t\t\t\t<div class=\"elementor-widget-container\">\n\t\t\t\t\t\t\t\t\t\t\t\t\t\t\t<img fetchpriority=\"high\" decoding=\"async\" width=\"445\" height=\"543\" src=\"https:\/\/www.voltaire-avocats.com\/wp-content\/uploads\/2025\/03\/celestine-masse-voltaire-avocats.png\" class=\"attachment-large size-large wp-image-26738\" alt=\"\" srcset=\"https:\/\/www.voltaire-avocats.com\/wp-content\/uploads\/2025\/03\/celestine-masse-voltaire-avocats.png 445w, https:\/\/www.voltaire-avocats.com\/wp-content\/uploads\/2025\/03\/celestine-masse-voltaire-avocats-246x300.png 246w\" sizes=\"(max-width: 445px) 100vw, 445px\" title=\"celestine-masse-voltaire-avocats\" \/>\t\t\t\t\t\t\t\t\t\t\t\t\t\t\t<\/div>\n\t\t\t\t<\/div>\n\t\t\t\t<div class=\"elementor-element-custom_font_weight elementor-element-custom_color elementor-element elementor-element-97e7dac elementor-widget elementor-widget-text-editor\" data-id=\"97e7dac\" data-element_type=\"widget\" data-e-type=\"widget\" data-widget_type=\"text-editor.default\">\n\t\t\t\t<div class=\"elementor-widget-container\">\n\t\t\t\t\t\t\t\t\t<p>cm@voltaire-avocats.com<\/p>\t\t\t\t\t\t\t\t<\/div>\n\t\t\t\t<\/div>\n\t\t\t\t<div class=\"elementor-element elementor-element-cbf24eb elementor-align-center btn-voltaire-100 elementor-widget elementor-widget-button\" data-id=\"cbf24eb\" data-element_type=\"widget\" data-e-type=\"widget\" data-widget_type=\"button.default\">\n\t\t\t\t<div class=\"elementor-widget-container\">\n\t\t\t\t\t\t\t\t\t<div class=\"elementor-button-wrapper\">\n\t\t\t\t\t<a class=\"elementor-button elementor-button-link elementor-size-sm\" href=\"https:\/\/www.linkedin.com\/in\/c%C3%A9lestine-masse-320037167\/\" target=\"_blank\">\n\t\t\t\t\t\t<span class=\"elementor-button-content-wrapper\">\n\t\t\t\t\t\t<span class=\"elementor-button-icon\">\n\t\t\t\t<i aria-hidden=\"true\" class=\"fab fa-linkedin-in\"><\/i>\t\t\t<\/span>\n\t\t\t\t\t\t\t\t\t<span class=\"elementor-button-text\">See my profile<\/span>\n\t\t\t\t\t<\/span>\n\t\t\t\t\t<\/a>\n\t\t\t\t<\/div>\n\t\t\t\t\t\t\t\t<\/div>\n\t\t\t\t<\/div>\n\t\t\t\t<div class=\"elementor-element elementor-element-f357715 elementor-align-center btn-voltaire-100 elementor-widget elementor-widget-button\" data-id=\"f357715\" data-element_type=\"widget\" data-e-type=\"widget\" data-widget_type=\"button.default\">\n\t\t\t\t<div class=\"elementor-widget-container\">\n\t\t\t\t\t\t\t\t\t<div class=\"elementor-button-wrapper\">\n\t\t\t\t\t<a class=\"elementor-button elementor-button-link elementor-size-sm\" href=\"https:\/\/www.voltaire-avocats.com\/en\/contact-us\/\">\n\t\t\t\t\t\t<span class=\"elementor-button-content-wrapper\">\n\t\t\t\t\t\t<span class=\"elementor-button-icon\">\n\t\t\t\t<i aria-hidden=\"true\" class=\"far fa-paper-plane\"><\/i>\t\t\t<\/span>\n\t\t\t\t\t\t\t\t\t<span class=\"elementor-button-text\">Contact us<\/span>\n\t\t\t\t\t<\/span>\n\t\t\t\t\t<\/a>\n\t\t\t\t<\/div>\n\t\t\t\t\t\t\t\t<\/div>\n\t\t\t\t<\/div>\n\t\t\t\t<div class=\"elementor-element elementor-element-c3b4edf elementor-align-center btn-voltaire-100 elementor-widget elementor-widget-button\" data-id=\"c3b4edf\" data-element_type=\"widget\" data-e-type=\"widget\" data-widget_type=\"button.default\">\n\t\t\t\t<div class=\"elementor-widget-container\">\n\t\t\t\t\t\t\t\t\t<div class=\"elementor-button-wrapper\">\n\t\t\t\t\t<a class=\"elementor-button elementor-button-link elementor-size-sm\" href=\"https:\/\/www.voltaire-avocats.com\/en\/our-team\/\">\n\t\t\t\t\t\t<span class=\"elementor-button-content-wrapper\">\n\t\t\t\t\t\t<span class=\"elementor-button-icon\">\n\t\t\t\t<i aria-hidden=\"true\" class=\"fas fa-long-arrow-alt-right\"><\/i>\t\t\t<\/span>\n\t\t\t\t\t\t\t\t\t<span class=\"elementor-button-text\">See our team<\/span>\n\t\t\t\t\t<\/span>\n\t\t\t\t\t<\/a>\n\t\t\t\t<\/div>\n\t\t\t\t\t\t\t\t<\/div>\n\t\t\t\t<\/div>\n\t\t\t\t\t<\/div>\n\t\t<\/div>\n\t\t\t\t<div class=\"elementor-column elementor-col-50 elementor-inner-column elementor-element elementor-element-1ecca65\" data-id=\"1ecca65\" data-element_type=\"column\" data-e-type=\"column\">\n\t\t\t<div class=\"elementor-widget-wrap elementor-element-populated\">\n\t\t\t\t\t\t<div class=\"elementor-element elementor-element-6a41d96 elementor-widget elementor-widget-heading\" data-id=\"6a41d96\" data-element_type=\"widget\" data-e-type=\"widget\" data-widget_type=\"heading.default\">\n\t\t\t\t<div class=\"elementor-widget-container\">\n\t\t\t\t\t<h1 class=\"elementor-heading-title elementor-size-default\">C\u00e9lestine Masse<br><span style=\"text-transform:none;font-size:24px;color:#1D1E29\">Lawyer<\/span><\/h1>\t\t\t\t<\/div>\n\t\t\t\t<\/div>\n\t\t\t\t<div class=\"elementor-element-custom_line_height elementor-element elementor-element-f3b63b0 elementor-widget elementor-widget-text-editor\" data-id=\"f3b63b0\" data-element_type=\"widget\" data-e-type=\"widget\" data-widget_type=\"text-editor.default\">\n\t\t\t\t<div class=\"elementor-widget-container\">\n\t\t\t\t\t\t\t\t\t<p>C\u00e9lestine Masse holds a Master&#8217;s degree in Employment Law and began her career as an employment lawyer with VINCI Construction before joining LUSIS Avocats in 2023.<\/p><p>She joined VOLTAIRE AVOCATS in February 2025.<\/p><p>C\u00e9lestine MASSE advises and litigates in all areas of employment law.<\/p>\t\t\t\t\t\t\t\t<\/div>\n\t\t\t\t<\/div>\n\t\t\t\t<div class=\"elementor-element elementor-element-9297021 accordion-voltaire-collaborateur elementor-widget elementor-widget-gt3-core-accordion\" data-id=\"9297021\" data-element_type=\"widget\" data-e-type=\"widget\" data-widget_type=\"gt3-core-accordion.default\">\n\t\t\t\t<div class=\"elementor-widget-container\">\n\t\t\t\t\t\t<div class=\"accordion_wrapper\" data-settings=\"{&quot;collapsible&quot;:true,&quot;active&quot;:false}\">\r\n\t<div class=\"item_title\">Formation<\/div><div class=\"item_content\"><ul><li>Master I Droit Social (Universit\u00e9 Paris I - Panth\u00e9on-Sorbonne \u2013 2018)<\/li><li>Master II Droit Social - Droit de la Sant\u00e9 en milieu du travail (Universit\u00e9 de Lille \u2013 2019)<\/li><li>Certificat d\u2019Aptitude \u00e0 la Profession d\u2019Avocat (EFB Paris \u2013 2022).\u00a0<\/li><\/ul><\/div><\/div><script type=\"application\/json\" id=\"settings--9297021\">{\"collapsible\":true,\"active\":false}<\/script>\t\t\t\t<\/div>\n\t\t\t\t<\/div>\n\t\t\t\t\t<\/div>\n\t\t<\/div>\n\t\t\t\t\t<\/div>\n\t\t<\/section>\n\t\t\t\t\t<\/div>\n\t\t<\/div>\n\t\t\t\t<div class=\"elementor-column elementor-col-50 elementor-top-column elementor-element elementor-element-6c1b901\" data-id=\"6c1b901\" data-element_type=\"column\" data-e-type=\"column\">\n\t\t\t<div class=\"elementor-widget-wrap\">\n\t\t\t\t\t\t\t<\/div>\n\t\t<\/div>\n\t\t\t\t\t<\/div>\n\t\t<\/section>\n\t\t\t\t<\/div>\n\t\t","protected":false},"excerpt":{"rendered":"<p>cm@voltaire-avocats.com See my profile Contact us See our team C\u00e9lestine MasseLawyer C\u00e9lestine Masse holds a Master&#8217;s degree in Employment Law and began her career as an employment lawyer with VINCI Construction before joining LUSIS Avocats in 2023. She joined VOLTAIRE AVOCATS in February 2025. C\u00e9lestine MASSE advises and litigates in all areas of employment law. [&hellip;]<\/p>\n","protected":false},"author":1,"featured_media":0,"parent":21869,"menu_order":0,"comment_status":"closed","ping_status":"closed","template":"","meta":{"_acf_changed":false,"_seopress_robots_primary_cat":"","_seopress_titles_title":"C\u00e9lestine Masse : Employment lawyer | Voltaire Avocats","_seopress_titles_desc":"C\u00e9lestine Masse - Voltaire Avocats. C\u00e9lestine Masse advises and litigates in all areas of employment law. ","_seopress_robots_index":"","footnotes":""},"class_list":["post-26742","page","type-page","status-publish","hentry"],"acf":[],"_links":{"self":[{"href":"https:\/\/www.voltaire-avocats.com\/en\/wp-json\/wp\/v2\/pages\/26742","targetHints":{"allow":["GET"]}}],"collection":[{"href":"https:\/\/www.voltaire-avocats.com\/en\/wp-json\/wp\/v2\/pages"}],"about":[{"href":"https:\/\/www.voltaire-avocats.com\/en\/wp-json\/wp\/v2\/types\/page"}],"author":[{"embeddable":true,"href":"https:\/\/www.voltaire-avocats.com\/en\/wp-json\/wp\/v2\/users\/1"}],"replies":[{"embeddable":true,"href":"https:\/\/www.voltaire-avocats.com\/en\/wp-json\/wp\/v2\/comments?post=26742"}],"version-history":[{"count":1,"href":"https:\/\/www.voltaire-avocats.com\/en\/wp-json\/wp\/v2\/pages\/26742\/revisions"}],"predecessor-version":[{"id":26743,"href":"https:\/\/www.voltaire-avocats.com\/en\/wp-json\/wp\/v2\/pages\/26742\/revisions\/26743"}],"up":[{"embeddable":true,"href":"https:\/\/www.voltaire-avocats.com\/en\/wp-json\/wp\/v2\/pages\/21869"}],"wp:attachment":[{"href":"https:\/\/www.voltaire-avocats.com\/en\/wp-json\/wp\/v2\/media?parent=26742"}],"curies":[{"name":"wp","href":"https:\/\/api.w.org\/{rel}","templated":true}]}}