{"id":15660,"date":"2022-08-04T09:53:56","date_gmt":"2022-08-04T07:53:56","guid":{"rendered":"https:\/\/www.voltaire-avocats.com\/?page_id=15660"},"modified":"2025-05-05T10:06:56","modified_gmt":"2025-05-05T08:06:56","slug":"a-propos","status":"publish","type":"page","link":"https:\/\/www.voltaire-avocats.com\/fr\/a-propos\/","title":{"rendered":"A propos"},"content":{"rendered":"\t\t<div data-elementor-type=\"wp-page\" data-elementor-id=\"15660\" class=\"elementor elementor-15660\" data-elementor-post-type=\"page\">\n\t\t\t\t\t\t<section class=\"elementor-section elementor-top-section elementor-element elementor-element-e900589 elementor-section-boxed elementor-section-height-default elementor-section-height-default\" data-id=\"e900589\" data-element_type=\"section\" data-e-type=\"section\">\n\t\t\t\t\t\t<div class=\"elementor-container elementor-column-gap-default\">\n\t\t\t\t\t<div class=\"elementor-column elementor-col-33 elementor-top-column elementor-element elementor-element-7028812\" data-id=\"7028812\" data-element_type=\"column\" data-e-type=\"column\">\n\t\t\t<div class=\"elementor-widget-wrap\">\n\t\t\t\t\t\t\t<\/div>\n\t\t<\/div>\n\t\t\t\t<div class=\"elementor-column elementor-col-66 elementor-top-column elementor-element elementor-element-5006cb9\" data-id=\"5006cb9\" data-element_type=\"column\" data-e-type=\"column\" data-settings=\"{&quot;background_background&quot;:&quot;classic&quot;}\">\n\t\t\t<div class=\"elementor-widget-wrap elementor-element-populated\">\n\t\t\t\t\t\t\t<\/div>\n\t\t<\/div>\n\t\t\t\t\t<\/div>\n\t\t<\/section>\n\t\t\t\t<section class=\"elementor-section elementor-top-section elementor-element elementor-element-ee81e52 elementor-section-boxed elementor-section-height-default elementor-section-height-default\" data-id=\"ee81e52\" data-element_type=\"section\" data-e-type=\"section\">\n\t\t\t\t\t\t<div class=\"elementor-container elementor-column-gap-default\">\n\t\t\t\t\t<div class=\"elementor-column elementor-col-33 elementor-top-column elementor-element elementor-element-352e3b9\" data-id=\"352e3b9\" data-element_type=\"column\" data-e-type=\"column\">\n\t\t\t<div class=\"elementor-widget-wrap\">\n\t\t\t\t\t\t\t<\/div>\n\t\t<\/div>\n\t\t\t\t<div class=\"elementor-column elementor-col-33 elementor-top-column elementor-element elementor-element-f8e4bd2\" data-id=\"f8e4bd2\" data-element_type=\"column\" data-e-type=\"column\" data-settings=\"{&quot;background_background&quot;:&quot;classic&quot;}\">\n\t\t\t<div class=\"elementor-widget-wrap elementor-element-populated\">\n\t\t\t\t\t\t<div class=\"elementor-element elementor-element-e613788 elementor-widget elementor-widget-heading\" data-id=\"e613788\" data-element_type=\"widget\" data-e-type=\"widget\" data-widget_type=\"heading.default\">\n\t\t\t\t<div class=\"elementor-widget-container\">\n\t\t\t\t\t<h1 class=\"elementor-heading-title elementor-size-default\">Voltaire Avocats<br \/><span style=\"text-transform:none;font-size:24px;color:#1D1E29\">Avocats experts en droit du travail et de la s\u00e9curit\u00e9 sociale<\/span><\/h1>\t\t\t\t<\/div>\n\t\t\t\t<\/div>\n\t\t\t\t<div class=\"elementor-element-custom_line_height elementor-element elementor-element-df53ea3 elementor-widget elementor-widget-text-editor\" data-id=\"df53ea3\" data-element_type=\"widget\" data-e-type=\"widget\" data-widget_type=\"text-editor.default\">\n\t\t\t\t<div class=\"elementor-widget-container\">\n\t\t\t\t\t\t\t\t\t<p>Fond\u00e9 en 2005, <strong>Voltaire Avocats est un cabinet d\u00e9di\u00e9 exclusivement au droit social des affaires<\/strong>. L\u2019\u00e9quipe de professionnels composant le cabinet r\u00e9unit l\u2019ensemble des comp\u00e9tences utiles \u00e0 l\u2019entreprise dans la gestion de ses relations avec ses collaborateurs et leurs repr\u00e9sentants.<\/p><p>Nous intervenons dans l\u2019ensemble des secteurs de l\u2019\u00e9conomie et accompagnons \u00e9galement un certain nombre d\u2019acteurs du secteur public \/ parapublic.<\/p>\t\t\t\t\t\t\t\t<\/div>\n\t\t\t\t<\/div>\n\t\t\t\t<div class=\"elementor-element elementor-element-d3ba19c elementor-widget elementor-widget-button\" data-id=\"d3ba19c\" data-element_type=\"widget\" data-e-type=\"widget\" data-widget_type=\"button.default\">\n\t\t\t\t<div class=\"elementor-widget-container\">\n\t\t\t\t\t\t\t\t\t<div class=\"elementor-button-wrapper\">\n\t\t\t\t\t<a class=\"elementor-button elementor-button-link elementor-size-sm\" href=\"https:\/\/www.voltaire-avocats.com\/fr\/expertises-droit-social-des-affaires\/\">\n\t\t\t\t\t\t<span class=\"elementor-button-content-wrapper\">\n\t\t\t\t\t\t<span class=\"elementor-button-icon\">\n\t\t\t\t<i aria-hidden=\"true\" class=\"fas fa-long-arrow-alt-right\"><\/i>\t\t\t<\/span>\n\t\t\t\t\t\t\t\t\t<span class=\"elementor-button-text\">D\u00e9couvrir nos expertises<\/span>\n\t\t\t\t\t<\/span>\n\t\t\t\t\t<\/a>\n\t\t\t\t<\/div>\n\t\t\t\t\t\t\t\t<\/div>\n\t\t\t\t<\/div>\n\t\t\t\t\t<\/div>\n\t\t<\/div>\n\t\t\t\t<div class=\"elementor-column elementor-col-33 elementor-top-column elementor-element elementor-element-889fedf\" data-id=\"889fedf\" data-element_type=\"column\" data-e-type=\"column\">\n\t\t\t<div class=\"elementor-widget-wrap\">\n\t\t\t\t\t\t\t<\/div>\n\t\t<\/div>\n\t\t\t\t\t<\/div>\n\t\t<\/section>\n\t\t\t\t<section class=\"elementor-section elementor-top-section elementor-element elementor-element-5377be3 elementor-section-boxed elementor-section-height-default elementor-section-height-default\" data-id=\"5377be3\" data-element_type=\"section\" data-e-type=\"section\" data-settings=\"{&quot;background_background&quot;:&quot;classic&quot;}\">\n\t\t\t\t\t\t<div class=\"elementor-container elementor-column-gap-default\">\n\t\t\t\t\t<div class=\"elementor-column elementor-col-100 elementor-top-column elementor-element elementor-element-c7c4509\" data-id=\"c7c4509\" data-element_type=\"column\" data-e-type=\"column\">\n\t\t\t<div class=\"elementor-widget-wrap elementor-element-populated\">\n\t\t\t\t\t\t<div class=\"elementor-element elementor-element-5f5f57d elementor-widget elementor-widget-heading\" data-id=\"5f5f57d\" data-element_type=\"widget\" data-e-type=\"widget\" data-widget_type=\"heading.default\">\n\t\t\t\t<div class=\"elementor-widget-container\">\n\t\t\t\t\t<h2 class=\"elementor-heading-title elementor-size-default\">Nos valeurs<\/h2>\t\t\t\t<\/div>\n\t\t\t\t<\/div>\n\t\t\t\t<div class=\"elementor-element-custom_font_size elementor-element-custom_font_weight elementor-element-custom_color elementor-element elementor-element-879db80 elementor-widget elementor-widget-text-editor\" data-id=\"879db80\" data-element_type=\"widget\" data-e-type=\"widget\" data-widget_type=\"text-editor.default\">\n\t\t\t\t<div class=\"elementor-widget-container\">\n\t\t\t\t\t\t\t\t\t<p>Des valeurs fortes partag\u00e9es par tous les membres du cabinet et dans la relation avec nos clients.<\/p>\t\t\t\t\t\t\t\t<\/div>\n\t\t\t\t<\/div>\n\t\t\t\t\t<\/div>\n\t\t<\/div>\n\t\t\t\t\t<\/div>\n\t\t<\/section>\n\t\t\t\t<section class=\"elementor-section elementor-top-section elementor-element elementor-element-c1fb08b elementor-section-boxed elementor-section-height-default elementor-section-height-default\" data-id=\"c1fb08b\" data-element_type=\"section\" data-e-type=\"section\">\n\t\t\t\t\t\t<div class=\"elementor-container elementor-column-gap-wider\">\n\t\t\t\t\t<div class=\"elementor-column elementor-col-33 elementor-top-column elementor-element elementor-element-870428b\" data-id=\"870428b\" data-element_type=\"column\" data-e-type=\"column\">\n\t\t\t<div class=\"elementor-widget-wrap elementor-element-populated\">\n\t\t\t\t\t\t<section class=\"elementor-section elementor-inner-section elementor-element elementor-element-546ce22 elementor-section-boxed elementor-section-height-default elementor-section-height-default\" data-id=\"546ce22\" data-element_type=\"section\" data-e-type=\"section\">\n\t\t\t\t\t\t<div class=\"elementor-container elementor-column-gap-default\">\n\t\t\t\t\t<div class=\"elementor-column elementor-col-100 elementor-inner-column elementor-element elementor-element-c3574c2\" data-id=\"c3574c2\" data-element_type=\"column\" data-e-type=\"column\" data-settings=\"{&quot;background_background&quot;:&quot;classic&quot;}\">\n\t\t\t<div class=\"elementor-widget-wrap elementor-element-populated\">\n\t\t\t\t\t\t<div class=\"elementor-element elementor-element-bb04685 elementor-widget elementor-widget-heading\" data-id=\"bb04685\" data-element_type=\"widget\" data-e-type=\"widget\" data-widget_type=\"heading.default\">\n\t\t\t\t<div class=\"elementor-widget-container\">\n\t\t\t\t\t<h3 class=\"elementor-heading-title elementor-size-default\">Innovation<br \/>&amp; Agilit\u00e9<\/h3>\t\t\t\t<\/div>\n\t\t\t\t<\/div>\n\t\t\t\t<div class=\"elementor-element-custom_line_height elementor-element elementor-element-5b00a84 elementor-widget elementor-widget-text-editor\" data-id=\"5b00a84\" data-element_type=\"widget\" data-e-type=\"widget\" data-widget_type=\"text-editor.default\">\n\t\t\t\t<div class=\"elementor-widget-container\">\n\t\t\t\t\t\t\t\t\t<p>Nous concevons pour nos clients des <strong>solutions innovantes<\/strong> permettant de <strong>r\u00e9soudre les probl\u00e9matiques les plus complexes<\/strong> ou de faire face aux questions \u00e9mergentes. Voltaire Avocats a ainsi \u00e9t\u00e9 l\u2019un des premiers cabinets \u00e0 identifier les <strong>enjeux de la compliance sociale<\/strong>, des enqu\u00eates internes, de la RSE\u2026<\/p><p>Nous sensibilisons actuellement nos clients aux <strong>questions li\u00e9es \u00e0 la transition \u00e9cologique<\/strong>, \u00e0 la bascule d\u2019un droit du travail vers un droit de l\u2019activit\u00e9\u2026<\/p>\t\t\t\t\t\t\t\t<\/div>\n\t\t\t\t<\/div>\n\t\t\t\t\t<\/div>\n\t\t<\/div>\n\t\t\t\t\t<\/div>\n\t\t<\/section>\n\t\t\t\t\t<\/div>\n\t\t<\/div>\n\t\t\t\t<div class=\"elementor-column elementor-col-33 elementor-top-column elementor-element elementor-element-77d0ddc\" data-id=\"77d0ddc\" data-element_type=\"column\" data-e-type=\"column\">\n\t\t\t<div class=\"elementor-widget-wrap elementor-element-populated\">\n\t\t\t\t\t\t<section class=\"elementor-section elementor-inner-section elementor-element elementor-element-dcd162c elementor-section-boxed elementor-section-height-default elementor-section-height-default\" data-id=\"dcd162c\" data-element_type=\"section\" data-e-type=\"section\">\n\t\t\t\t\t\t<div class=\"elementor-container elementor-column-gap-default\">\n\t\t\t\t\t<div class=\"elementor-column elementor-col-100 elementor-inner-column elementor-element elementor-element-b106b43\" data-id=\"b106b43\" data-element_type=\"column\" data-e-type=\"column\" data-settings=\"{&quot;background_background&quot;:&quot;classic&quot;}\">\n\t\t\t<div class=\"elementor-widget-wrap elementor-element-populated\">\n\t\t\t\t\t\t<div class=\"elementor-element elementor-element-90e95ff elementor-widget elementor-widget-heading\" data-id=\"90e95ff\" data-element_type=\"widget\" data-e-type=\"widget\" data-widget_type=\"heading.default\">\n\t\t\t\t<div class=\"elementor-widget-container\">\n\t\t\t\t\t<h3 class=\"elementor-heading-title elementor-size-default\">R\u00e9activit\u00e9<br \/>&amp; engagement<\/h3>\t\t\t\t<\/div>\n\t\t\t\t<\/div>\n\t\t\t\t<div class=\"elementor-element-custom_line_height elementor-element elementor-element-4276b6c elementor-widget elementor-widget-text-editor\" data-id=\"4276b6c\" data-element_type=\"widget\" data-e-type=\"widget\" data-widget_type=\"text-editor.default\">\n\t\t\t\t<div class=\"elementor-widget-container\">\n\t\t\t\t\t\t\t\t\t<p>Nos avocats sont unanimement reconnus pour leur <strong>capacit\u00e9 \u00e0 traiter<\/strong> dans des d\u00e9lais contenus les <strong>questions les plus d\u00e9licates<\/strong>. Nous nous engageons totalement aupr\u00e8s de nos clients lesquels sont nos premiers prescripteurs.<\/p>\t\t\t\t\t\t\t\t<\/div>\n\t\t\t\t<\/div>\n\t\t\t\t\t<\/div>\n\t\t<\/div>\n\t\t\t\t\t<\/div>\n\t\t<\/section>\n\t\t\t\t\t<\/div>\n\t\t<\/div>\n\t\t\t\t<div class=\"elementor-column elementor-col-33 elementor-top-column elementor-element elementor-element-c02a108\" data-id=\"c02a108\" data-element_type=\"column\" data-e-type=\"column\">\n\t\t\t<div class=\"elementor-widget-wrap elementor-element-populated\">\n\t\t\t\t\t\t<section class=\"elementor-section elementor-inner-section elementor-element elementor-element-cc067f9 elementor-section-boxed elementor-section-height-default elementor-section-height-default\" data-id=\"cc067f9\" data-element_type=\"section\" data-e-type=\"section\">\n\t\t\t\t\t\t<div class=\"elementor-container elementor-column-gap-default\">\n\t\t\t\t\t<div class=\"elementor-column elementor-col-100 elementor-inner-column elementor-element elementor-element-69f020c\" data-id=\"69f020c\" data-element_type=\"column\" data-e-type=\"column\" data-settings=\"{&quot;background_background&quot;:&quot;classic&quot;}\">\n\t\t\t<div class=\"elementor-widget-wrap elementor-element-populated\">\n\t\t\t\t\t\t<div class=\"elementor-element elementor-element-1bf8930 elementor-widget elementor-widget-heading\" data-id=\"1bf8930\" data-element_type=\"widget\" data-e-type=\"widget\" data-widget_type=\"heading.default\">\n\t\t\t\t<div class=\"elementor-widget-container\">\n\t\t\t\t\t<h3 class=\"elementor-heading-title elementor-size-default\">Partenaire de l'entreprise et ses dirigeants<\/h3>\t\t\t\t<\/div>\n\t\t\t\t<\/div>\n\t\t\t\t<div class=\"elementor-element-custom_line_height elementor-element elementor-element-b5799ca elementor-widget elementor-widget-text-editor\" data-id=\"b5799ca\" data-element_type=\"widget\" data-e-type=\"widget\" data-widget_type=\"text-editor.default\">\n\t\t\t\t<div class=\"elementor-widget-container\">\n\t\t\t\t\t\t\t\t\t<p>Notre cabinet travaille main dans la main avec les services RH et juridiques de nos clients. Ce partenariat se traduit notamment par nos <strong>formations<\/strong> que nous d\u00e9livrons r\u00e9guli\u00e8rement dans une <strong>logique de co-d\u00e9veloppement<\/strong> des comp\u00e9tences. Experts des enjeux sociaux et \u00e9conomiques nous conseillons \u00e9galement les dirigeants dans l\u2019\u00e9laboration de leur <strong>strat\u00e9gie sociale<\/strong>.<\/p>\t\t\t\t\t\t\t\t<\/div>\n\t\t\t\t<\/div>\n\t\t\t\t\t<\/div>\n\t\t<\/div>\n\t\t\t\t\t<\/div>\n\t\t<\/section>\n\t\t\t\t\t<\/div>\n\t\t<\/div>\n\t\t\t\t\t<\/div>\n\t\t<\/section>\n\t\t\t\t<\/div>\n\t\t","protected":false},"excerpt":{"rendered":"<p>Voltaire AvocatsAvocats experts en droit du travail et de la s\u00e9curit\u00e9 sociale Fond\u00e9 en 2005, Voltaire Avocats est un cabinet d\u00e9di\u00e9 exclusivement au droit social des affaires. L\u2019\u00e9quipe de professionnels composant le cabinet r\u00e9unit l\u2019ensemble des comp\u00e9tences utiles \u00e0 l\u2019entreprise dans la gestion de ses relations avec ses collaborateurs et leurs repr\u00e9sentants. Nous intervenons dans [&hellip;]<\/p>\n","protected":false},"author":1,"featured_media":0,"parent":0,"menu_order":0,"comment_status":"closed","ping_status":"closed","template":"","meta":{"_acf_changed":false,"_seopress_robots_primary_cat":"","_seopress_titles_title":"Avocats experts en droit social des affaires | Voltaire Avocats","_seopress_titles_desc":"Fond\u00e9 en 2005, Voltaire Avocats accompagne les entreprises dans le domaine du droit social des affaires.","_seopress_robots_index":"","_seopress_analysis_target_kw":"","footnotes":""},"class_list":["post-15660","page","type-page","status-publish","hentry"],"acf":[],"_links":{"self":[{"href":"https:\/\/www.voltaire-avocats.com\/fr\/wp-json\/wp\/v2\/pages\/15660","targetHints":{"allow":["GET"]}}],"collection":[{"href":"https:\/\/www.voltaire-avocats.com\/fr\/wp-json\/wp\/v2\/pages"}],"about":[{"href":"https:\/\/www.voltaire-avocats.com\/fr\/wp-json\/wp\/v2\/types\/page"}],"author":[{"embeddable":true,"href":"https:\/\/www.voltaire-avocats.com\/fr\/wp-json\/wp\/v2\/users\/1"}],"replies":[{"embeddable":true,"href":"https:\/\/www.voltaire-avocats.com\/fr\/wp-json\/wp\/v2\/comments?post=15660"}],"version-history":[{"count":3,"href":"https:\/\/www.voltaire-avocats.com\/fr\/wp-json\/wp\/v2\/pages\/15660\/revisions"}],"predecessor-version":[{"id":26991,"href":"https:\/\/www.voltaire-avocats.com\/fr\/wp-json\/wp\/v2\/pages\/15660\/revisions\/26991"}],"wp:attachment":[{"href":"https:\/\/www.voltaire-avocats.com\/fr\/wp-json\/wp\/v2\/media?parent=15660"}],"curies":[{"name":"wp","href":"https:\/\/api.w.org\/{rel}","templated":true}]}}