{"id":16507,"date":"2022-09-05T10:59:31","date_gmt":"2022-09-05T08:59:31","guid":{"rendered":"https:\/\/www.voltaire-avocats.com\/?page_id=16507"},"modified":"2026-03-24T11:36:21","modified_gmt":"2026-03-24T10:36:21","slug":"mathilde-baudelle","status":"publish","type":"page","link":"https:\/\/www.voltaire-avocats.com\/fr\/notre-equipe\/mathilde-baudelle\/","title":{"rendered":"Mathilde Baudelle"},"content":{"rendered":"\t\t<div data-elementor-type=\"wp-page\" data-elementor-id=\"16507\" class=\"elementor elementor-16507\" data-elementor-post-type=\"page\">\n\t\t\t\t\t\t<section class=\"elementor-section elementor-top-section elementor-element elementor-element-46fa9dfc elementor-section-boxed elementor-section-height-default elementor-section-height-default\" data-id=\"46fa9dfc\" data-element_type=\"section\" data-e-type=\"section\">\n\t\t\t\t\t\t<div class=\"elementor-container elementor-column-gap-default\">\n\t\t\t\t\t<div class=\"elementor-column elementor-col-33 elementor-top-column elementor-element elementor-element-36cd73e1\" data-id=\"36cd73e1\" data-element_type=\"column\" data-e-type=\"column\">\n\t\t\t<div class=\"elementor-widget-wrap\">\n\t\t\t\t\t\t\t<\/div>\n\t\t<\/div>\n\t\t\t\t<div class=\"elementor-column elementor-col-66 elementor-top-column elementor-element elementor-element-37ac8462\" data-id=\"37ac8462\" data-element_type=\"column\" data-e-type=\"column\" data-settings=\"{&quot;background_background&quot;:&quot;classic&quot;}\">\n\t\t\t<div class=\"elementor-widget-wrap elementor-element-populated\">\n\t\t\t\t\t\t\t<\/div>\n\t\t<\/div>\n\t\t\t\t\t<\/div>\n\t\t<\/section>\n\t\t\t\t<section class=\"elementor-section elementor-top-section elementor-element elementor-element-7c1f8f30 elementor-section-boxed elementor-section-height-default elementor-section-height-default\" data-id=\"7c1f8f30\" data-element_type=\"section\" data-e-type=\"section\">\n\t\t\t\t\t\t<div class=\"elementor-container elementor-column-gap-default\">\n\t\t\t\t\t<div class=\"elementor-column elementor-col-50 elementor-top-column elementor-element elementor-element-42ccd23d\" data-id=\"42ccd23d\" data-element_type=\"column\" data-e-type=\"column\" data-settings=\"{&quot;background_background&quot;:&quot;classic&quot;}\">\n\t\t\t<div class=\"elementor-widget-wrap elementor-element-populated\">\n\t\t\t\t\t\t<section class=\"elementor-section elementor-inner-section elementor-element elementor-element-27eaad46 elementor-section-boxed elementor-section-height-default elementor-section-height-default\" data-id=\"27eaad46\" data-element_type=\"section\" data-e-type=\"section\">\n\t\t\t\t\t\t<div class=\"elementor-container elementor-column-gap-default\">\n\t\t\t\t\t<div class=\"elementor-column elementor-col-50 elementor-inner-column elementor-element elementor-element-315a12ab\" data-id=\"315a12ab\" data-element_type=\"column\" data-e-type=\"column\" data-settings=\"{&quot;background_background&quot;:&quot;classic&quot;}\">\n\t\t\t<div class=\"elementor-widget-wrap elementor-element-populated\">\n\t\t\t\t\t\t<div class=\"elementor-element elementor-element-8a64a1c elementor-widget elementor-widget-image\" data-id=\"8a64a1c\" data-element_type=\"widget\" data-e-type=\"widget\" data-widget_type=\"image.default\">\n\t\t\t\t<div class=\"elementor-widget-container\">\n\t\t\t\t\t\t\t\t\t\t\t\t\t\t\t<img fetchpriority=\"high\" decoding=\"async\" width=\"445\" height=\"543\" src=\"https:\/\/www.voltaire-avocats.com\/wp-content\/uploads\/2022\/09\/mathilde-baudelle-2.jpg\" class=\"attachment-large size-large wp-image-18738\" alt=\"\" srcset=\"https:\/\/www.voltaire-avocats.com\/wp-content\/uploads\/2022\/09\/mathilde-baudelle-2.jpg 445w, https:\/\/www.voltaire-avocats.com\/wp-content\/uploads\/2022\/09\/mathilde-baudelle-2-246x300.jpg 246w\" sizes=\"(max-width: 445px) 100vw, 445px\" title=\"mathilde-baudelle-2\" \/>\t\t\t\t\t\t\t\t\t\t\t\t\t\t\t<\/div>\n\t\t\t\t<\/div>\n\t\t\t\t<div class=\"elementor-element-custom_font_weight elementor-element-custom_color elementor-element elementor-element-24019e9c elementor-widget elementor-widget-text-editor\" data-id=\"24019e9c\" data-element_type=\"widget\" data-e-type=\"widget\" data-widget_type=\"text-editor.default\">\n\t\t\t\t<div class=\"elementor-widget-container\">\n\t\t\t\t\t\t\t\t\t<p>mb@voltaire-avocats.com<\/p>\t\t\t\t\t\t\t\t<\/div>\n\t\t\t\t<\/div>\n\t\t\t\t<div class=\"elementor-element elementor-element-5973445c elementor-align-center btn-voltaire-100 elementor-widget elementor-widget-button\" data-id=\"5973445c\" data-element_type=\"widget\" data-e-type=\"widget\" data-widget_type=\"button.default\">\n\t\t\t\t<div class=\"elementor-widget-container\">\n\t\t\t\t\t\t\t\t\t<div class=\"elementor-button-wrapper\">\n\t\t\t\t\t<a class=\"elementor-button elementor-button-link elementor-size-sm\" href=\"https:\/\/www.linkedin.com\/in\/mathilde-baudelle-056a6480\/\" target=\"_blank\">\n\t\t\t\t\t\t<span class=\"elementor-button-content-wrapper\">\n\t\t\t\t\t\t<span class=\"elementor-button-icon\">\n\t\t\t\t<i aria-hidden=\"true\" class=\"fab fa-linkedin-in\"><\/i>\t\t\t<\/span>\n\t\t\t\t\t\t\t\t\t<span class=\"elementor-button-text\">Voir mon profil<\/span>\n\t\t\t\t\t<\/span>\n\t\t\t\t\t<\/a>\n\t\t\t\t<\/div>\n\t\t\t\t\t\t\t\t<\/div>\n\t\t\t\t<\/div>\n\t\t\t\t<div class=\"elementor-element elementor-element-1e32727f elementor-align-center btn-voltaire-100 elementor-widget elementor-widget-button\" data-id=\"1e32727f\" data-element_type=\"widget\" data-e-type=\"widget\" data-widget_type=\"button.default\">\n\t\t\t\t<div class=\"elementor-widget-container\">\n\t\t\t\t\t\t\t\t\t<div class=\"elementor-button-wrapper\">\n\t\t\t\t\t<a class=\"elementor-button elementor-button-link elementor-size-sm\" href=\"https:\/\/www.voltaire-avocats.com\/fr\/contactez-nous\/\">\n\t\t\t\t\t\t<span class=\"elementor-button-content-wrapper\">\n\t\t\t\t\t\t<span class=\"elementor-button-icon\">\n\t\t\t\t<i aria-hidden=\"true\" class=\"far fa-paper-plane\"><\/i>\t\t\t<\/span>\n\t\t\t\t\t\t\t\t\t<span class=\"elementor-button-text\">Contactez-nous<\/span>\n\t\t\t\t\t<\/span>\n\t\t\t\t\t<\/a>\n\t\t\t\t<\/div>\n\t\t\t\t\t\t\t\t<\/div>\n\t\t\t\t<\/div>\n\t\t\t\t<div class=\"elementor-element elementor-element-6e121530 elementor-align-center btn-voltaire-100 elementor-widget elementor-widget-button\" data-id=\"6e121530\" data-element_type=\"widget\" data-e-type=\"widget\" data-widget_type=\"button.default\">\n\t\t\t\t<div class=\"elementor-widget-container\">\n\t\t\t\t\t\t\t\t\t<div class=\"elementor-button-wrapper\">\n\t\t\t\t\t<a class=\"elementor-button elementor-button-link elementor-size-sm\" href=\"https:\/\/www.voltaire-avocats.com\/fr\/notre-equipe\/\">\n\t\t\t\t\t\t<span class=\"elementor-button-content-wrapper\">\n\t\t\t\t\t\t<span class=\"elementor-button-icon\">\n\t\t\t\t<i aria-hidden=\"true\" class=\"fas fa-long-arrow-alt-right\"><\/i>\t\t\t<\/span>\n\t\t\t\t\t\t\t\t\t<span class=\"elementor-button-text\">voir notre \u00e9quipe<\/span>\n\t\t\t\t\t<\/span>\n\t\t\t\t\t<\/a>\n\t\t\t\t<\/div>\n\t\t\t\t\t\t\t\t<\/div>\n\t\t\t\t<\/div>\n\t\t\t\t\t<\/div>\n\t\t<\/div>\n\t\t\t\t<div class=\"elementor-column elementor-col-50 elementor-inner-column elementor-element elementor-element-7058d7a4\" data-id=\"7058d7a4\" data-element_type=\"column\" data-e-type=\"column\">\n\t\t\t<div class=\"elementor-widget-wrap elementor-element-populated\">\n\t\t\t\t\t\t<div class=\"elementor-element elementor-element-773bee8 elementor-widget elementor-widget-heading\" data-id=\"773bee8\" data-element_type=\"widget\" data-e-type=\"widget\" data-widget_type=\"heading.default\">\n\t\t\t\t<div class=\"elementor-widget-container\">\n\t\t\t\t\t<h1 class=\"elementor-heading-title elementor-size-default\">Mathilde Baudelle<br \/><span style=\"text-transform:none;font-size:24px;color:#1D1E29\">Avocat Counsel<\/span><\/h1>\t\t\t\t<\/div>\n\t\t\t\t<\/div>\n\t\t\t\t<div class=\"elementor-element-custom_line_height elementor-element elementor-element-336d7d48 elementor-widget elementor-widget-text-editor\" data-id=\"336d7d48\" data-element_type=\"widget\" data-e-type=\"widget\" data-widget_type=\"text-editor.default\">\n\t\t\t\t<div class=\"elementor-widget-container\">\n\t\t\t\t\t\t\t\t\t<p>Titulaire d\u2019un Dipl\u00f4me de Juriste Conseil d\u2019Entreprise, Mathilde BAUDELLE a rejoint le cabinet VOLTAIRE AVOCATS en 2015, apr\u00e8s y avoir effectu\u00e9 son stage final.<br \/><br \/>Elle accompagne les entreprises dans tous les domaines du droit social (relations individuelles et collectives, droit de la s\u00e9curit\u00e9 sociale), tant en conseil qu\u2019en contentieux. <br \/><br \/>Elle intervient \u00e9galement dans la conduite d\u2019enqu\u00eates internes et anime r\u00e9guli\u00e8rement des formations \u00e0 destination des clients du cabinet.<\/p>\t\t\t\t\t\t\t\t<\/div>\n\t\t\t\t<\/div>\n\t\t\t\t<div class=\"elementor-element elementor-element-4968fd83 accordion-voltaire-collaborateur elementor-widget elementor-widget-gt3-core-accordion\" data-id=\"4968fd83\" data-element_type=\"widget\" data-e-type=\"widget\" data-widget_type=\"gt3-core-accordion.default\">\n\t\t\t\t<div class=\"elementor-widget-container\">\n\t\t\t\t\t\t<div class=\"accordion_wrapper\" data-settings=\"{&quot;collapsible&quot;:true,&quot;active&quot;:false}\">\r\n\t<div class=\"item_title\">Formation<\/div><div class=\"item_content\"><ul><li>Master II Juriste d\u2019Affaires \u2013 DJCE (Toulouse I \u2013 2013)<\/li><li>Certificat d\u2019Etudes Sp\u00e9cialis\u00e9es en Droit Social (Montpellier I \u2013 2013)<\/li><li>CAPA (IXAD \u2013 2015)<\/li><\/ul><\/div><\/div><script type=\"application\/json\" id=\"settings--4968fd83\">{\"collapsible\":true,\"active\":false}<\/script>\t\t\t\t<\/div>\n\t\t\t\t<\/div>\n\t\t\t\t\t<\/div>\n\t\t<\/div>\n\t\t\t\t\t<\/div>\n\t\t<\/section>\n\t\t\t\t\t<\/div>\n\t\t<\/div>\n\t\t\t\t<div class=\"elementor-column elementor-col-50 elementor-top-column elementor-element elementor-element-6201474c\" data-id=\"6201474c\" data-element_type=\"column\" data-e-type=\"column\">\n\t\t\t<div class=\"elementor-widget-wrap\">\n\t\t\t\t\t\t\t<\/div>\n\t\t<\/div>\n\t\t\t\t\t<\/div>\n\t\t<\/section>\n\t\t\t\t<\/div>\n\t\t","protected":false},"excerpt":{"rendered":"<p>mb@voltaire-avocats.com Voir mon profil Contactez-nous voir notre \u00e9quipe Mathilde BaudelleAvocat Counsel Titulaire d\u2019un Dipl\u00f4me de Juriste Conseil d\u2019Entreprise, Mathilde BAUDELLE a rejoint le cabinet VOLTAIRE AVOCATS en 2015, apr\u00e8s y avoir effectu\u00e9 son stage final. Elle accompagne les entreprises dans tous les domaines du droit social (relations individuelles et collectives, droit de la s\u00e9curit\u00e9 sociale), [&hellip;]<\/p>\n","protected":false},"author":1,"featured_media":0,"parent":15563,"menu_order":70,"comment_status":"closed","ping_status":"closed","template":"","meta":{"_acf_changed":false,"_seopress_robots_primary_cat":"","_seopress_titles_title":"p.curmer@just-do-web.fr","_seopress_titles_desc":"Mathilde Baudelle - Voltaire Avocats. Elle conseille et d\u00e9fend les entreprises en droit social, enqu\u00eates internes et formations (en fran\u00e7ais comme en espagnol).","_seopress_robots_index":"","footnotes":""},"class_list":["post-16507","page","type-page","status-publish","hentry"],"acf":[],"_links":{"self":[{"href":"https:\/\/www.voltaire-avocats.com\/fr\/wp-json\/wp\/v2\/pages\/16507","targetHints":{"allow":["GET"]}}],"collection":[{"href":"https:\/\/www.voltaire-avocats.com\/fr\/wp-json\/wp\/v2\/pages"}],"about":[{"href":"https:\/\/www.voltaire-avocats.com\/fr\/wp-json\/wp\/v2\/types\/page"}],"author":[{"embeddable":true,"href":"https:\/\/www.voltaire-avocats.com\/fr\/wp-json\/wp\/v2\/users\/1"}],"replies":[{"embeddable":true,"href":"https:\/\/www.voltaire-avocats.com\/fr\/wp-json\/wp\/v2\/comments?post=16507"}],"version-history":[{"count":3,"href":"https:\/\/www.voltaire-avocats.com\/fr\/wp-json\/wp\/v2\/pages\/16507\/revisions"}],"predecessor-version":[{"id":28573,"href":"https:\/\/www.voltaire-avocats.com\/fr\/wp-json\/wp\/v2\/pages\/16507\/revisions\/28573"}],"up":[{"embeddable":true,"href":"https:\/\/www.voltaire-avocats.com\/fr\/wp-json\/wp\/v2\/pages\/15563"}],"wp:attachment":[{"href":"https:\/\/www.voltaire-avocats.com\/fr\/wp-json\/wp\/v2\/media?parent=16507"}],"curies":[{"name":"wp","href":"https:\/\/api.w.org\/{rel}","templated":true}]}}