{"id":22587,"date":"2023-03-27T00:32:00","date_gmt":"2023-03-26T22:32:00","guid":{"rendered":"https:\/\/www.voltaire-avocats.com\/?page_id=22587"},"modified":"2025-05-05T12:15:34","modified_gmt":"2025-05-05T10:15:34","slug":"anne-sophie-lehembre","status":"publish","type":"page","link":"https:\/\/www.voltaire-avocats.com\/fr\/notre-equipe\/anne-sophie-lehembre\/","title":{"rendered":"Anne-Sophie Lehembre"},"content":{"rendered":"\t\t<div data-elementor-type=\"wp-page\" data-elementor-id=\"22587\" class=\"elementor elementor-22587\" data-elementor-post-type=\"page\">\n\t\t\t\t\t\t<section class=\"elementor-section elementor-top-section elementor-element elementor-element-570f0a1e elementor-section-boxed elementor-section-height-default elementor-section-height-default\" data-id=\"570f0a1e\" data-element_type=\"section\" data-e-type=\"section\">\n\t\t\t\t\t\t<div class=\"elementor-container elementor-column-gap-default\">\n\t\t\t\t\t<div class=\"elementor-column elementor-col-33 elementor-top-column elementor-element elementor-element-7407b8f5\" data-id=\"7407b8f5\" data-element_type=\"column\" data-e-type=\"column\">\n\t\t\t<div class=\"elementor-widget-wrap\">\n\t\t\t\t\t\t\t<\/div>\n\t\t<\/div>\n\t\t\t\t<div class=\"elementor-column elementor-col-66 elementor-top-column elementor-element elementor-element-42956b8c\" data-id=\"42956b8c\" data-element_type=\"column\" data-e-type=\"column\" data-settings=\"{&quot;background_background&quot;:&quot;classic&quot;}\">\n\t\t\t<div class=\"elementor-widget-wrap elementor-element-populated\">\n\t\t\t\t\t\t\t<\/div>\n\t\t<\/div>\n\t\t\t\t\t<\/div>\n\t\t<\/section>\n\t\t\t\t<section class=\"elementor-section elementor-top-section elementor-element elementor-element-6993bedf elementor-section-boxed elementor-section-height-default elementor-section-height-default\" data-id=\"6993bedf\" data-element_type=\"section\" data-e-type=\"section\">\n\t\t\t\t\t\t<div class=\"elementor-container elementor-column-gap-default\">\n\t\t\t\t\t<div class=\"elementor-column elementor-col-50 elementor-top-column elementor-element elementor-element-3f3bcd5\" data-id=\"3f3bcd5\" data-element_type=\"column\" data-e-type=\"column\" data-settings=\"{&quot;background_background&quot;:&quot;classic&quot;}\">\n\t\t\t<div class=\"elementor-widget-wrap elementor-element-populated\">\n\t\t\t\t\t\t<section class=\"elementor-section elementor-inner-section elementor-element elementor-element-3e27b2c1 elementor-section-boxed elementor-section-height-default elementor-section-height-default\" data-id=\"3e27b2c1\" data-element_type=\"section\" data-e-type=\"section\">\n\t\t\t\t\t\t<div class=\"elementor-container elementor-column-gap-default\">\n\t\t\t\t\t<div class=\"elementor-column elementor-col-50 elementor-inner-column elementor-element elementor-element-7d3d5d44\" data-id=\"7d3d5d44\" data-element_type=\"column\" data-e-type=\"column\" data-settings=\"{&quot;background_background&quot;:&quot;classic&quot;}\">\n\t\t\t<div class=\"elementor-widget-wrap elementor-element-populated\">\n\t\t\t\t\t\t<div class=\"elementor-element elementor-element-2df8a940 elementor-widget elementor-widget-image\" data-id=\"2df8a940\" data-element_type=\"widget\" data-e-type=\"widget\" data-widget_type=\"image.default\">\n\t\t\t\t<div class=\"elementor-widget-container\">\n\t\t\t\t\t\t\t\t\t\t\t\t\t\t\t<img fetchpriority=\"high\" decoding=\"async\" width=\"445\" height=\"543\" src=\"https:\/\/www.voltaire-avocats.com\/wp-content\/uploads\/2023\/10\/anne-sophie-lehembre-voltaire-avocats-ext.jpg\" class=\"attachment-large size-large wp-image-23612\" alt=\"\" srcset=\"https:\/\/www.voltaire-avocats.com\/wp-content\/uploads\/2023\/10\/anne-sophie-lehembre-voltaire-avocats-ext.jpg 445w, https:\/\/www.voltaire-avocats.com\/wp-content\/uploads\/2023\/10\/anne-sophie-lehembre-voltaire-avocats-ext-246x300.jpg 246w\" sizes=\"(max-width: 445px) 100vw, 445px\" title=\"anne-sophie-lehembre-voltaire-avocats-ext\" \/>\t\t\t\t\t\t\t\t\t\t\t\t\t\t\t<\/div>\n\t\t\t\t<\/div>\n\t\t\t\t<div class=\"elementor-element-custom_font_weight elementor-element-custom_color elementor-element elementor-element-1ece988d elementor-widget elementor-widget-text-editor\" data-id=\"1ece988d\" data-element_type=\"widget\" data-e-type=\"widget\" data-widget_type=\"text-editor.default\">\n\t\t\t\t<div class=\"elementor-widget-container\">\n\t\t\t\t\t\t\t\t\t<p>asl@voltaire-avocats.com<\/p>\t\t\t\t\t\t\t\t<\/div>\n\t\t\t\t<\/div>\n\t\t\t\t<div class=\"elementor-element elementor-element-33915f4 elementor-align-center btn-voltaire-100 elementor-widget elementor-widget-button\" data-id=\"33915f4\" data-element_type=\"widget\" data-e-type=\"widget\" data-widget_type=\"button.default\">\n\t\t\t\t<div class=\"elementor-widget-container\">\n\t\t\t\t\t\t\t\t\t<div class=\"elementor-button-wrapper\">\n\t\t\t\t\t<a class=\"elementor-button elementor-button-link elementor-size-sm\" href=\"https:\/\/www.linkedin.com\/in\/anne-sophie-lehembre-46494462\/\" target=\"_blank\">\n\t\t\t\t\t\t<span class=\"elementor-button-content-wrapper\">\n\t\t\t\t\t\t<span class=\"elementor-button-icon\">\n\t\t\t\t<i aria-hidden=\"true\" class=\"fab fa-linkedin-in\"><\/i>\t\t\t<\/span>\n\t\t\t\t\t\t\t\t\t<span class=\"elementor-button-text\">Voir mon profil<\/span>\n\t\t\t\t\t<\/span>\n\t\t\t\t\t<\/a>\n\t\t\t\t<\/div>\n\t\t\t\t\t\t\t\t<\/div>\n\t\t\t\t<\/div>\n\t\t\t\t<div class=\"elementor-element elementor-element-1c42bbc7 elementor-align-center btn-voltaire-100 elementor-widget elementor-widget-button\" data-id=\"1c42bbc7\" data-element_type=\"widget\" data-e-type=\"widget\" data-widget_type=\"button.default\">\n\t\t\t\t<div class=\"elementor-widget-container\">\n\t\t\t\t\t\t\t\t\t<div class=\"elementor-button-wrapper\">\n\t\t\t\t\t<a class=\"elementor-button elementor-button-link elementor-size-sm\" href=\"https:\/\/www.voltaire-avocats.com\/fr\/contactez-nous\/\">\n\t\t\t\t\t\t<span class=\"elementor-button-content-wrapper\">\n\t\t\t\t\t\t<span class=\"elementor-button-icon\">\n\t\t\t\t<i aria-hidden=\"true\" class=\"far fa-paper-plane\"><\/i>\t\t\t<\/span>\n\t\t\t\t\t\t\t\t\t<span class=\"elementor-button-text\">Contactez-nous<\/span>\n\t\t\t\t\t<\/span>\n\t\t\t\t\t<\/a>\n\t\t\t\t<\/div>\n\t\t\t\t\t\t\t\t<\/div>\n\t\t\t\t<\/div>\n\t\t\t\t<div class=\"elementor-element elementor-element-31d3dd44 elementor-align-center btn-voltaire-100 elementor-widget elementor-widget-button\" data-id=\"31d3dd44\" data-element_type=\"widget\" data-e-type=\"widget\" data-widget_type=\"button.default\">\n\t\t\t\t<div class=\"elementor-widget-container\">\n\t\t\t\t\t\t\t\t\t<div class=\"elementor-button-wrapper\">\n\t\t\t\t\t<a class=\"elementor-button elementor-button-link elementor-size-sm\" href=\"https:\/\/www.voltaire-avocats.com\/fr\/notre-equipe\/\">\n\t\t\t\t\t\t<span class=\"elementor-button-content-wrapper\">\n\t\t\t\t\t\t<span class=\"elementor-button-icon\">\n\t\t\t\t<i aria-hidden=\"true\" class=\"fas fa-long-arrow-alt-right\"><\/i>\t\t\t<\/span>\n\t\t\t\t\t\t\t\t\t<span class=\"elementor-button-text\">voir notre \u00e9quipe<\/span>\n\t\t\t\t\t<\/span>\n\t\t\t\t\t<\/a>\n\t\t\t\t<\/div>\n\t\t\t\t\t\t\t\t<\/div>\n\t\t\t\t<\/div>\n\t\t\t\t\t<\/div>\n\t\t<\/div>\n\t\t\t\t<div class=\"elementor-column elementor-col-50 elementor-inner-column elementor-element elementor-element-10e77df6\" data-id=\"10e77df6\" data-element_type=\"column\" data-e-type=\"column\">\n\t\t\t<div class=\"elementor-widget-wrap elementor-element-populated\">\n\t\t\t\t\t\t<div class=\"elementor-element elementor-element-54cf2be0 elementor-widget elementor-widget-heading\" data-id=\"54cf2be0\" data-element_type=\"widget\" data-e-type=\"widget\" data-widget_type=\"heading.default\">\n\t\t\t\t<div class=\"elementor-widget-container\">\n\t\t\t\t\t<h1 class=\"elementor-heading-title elementor-size-default\">Anne-Sophie Lehembre<br \/><span style=\"text-transform:none;font-size:24px;color:#1D1E29\">Avocat<\/span><\/h1>\t\t\t\t<\/div>\n\t\t\t\t<\/div>\n\t\t\t\t<div class=\"elementor-element-custom_line_height elementor-element elementor-element-1c1ea149 elementor-widget elementor-widget-text-editor\" data-id=\"1c1ea149\" data-element_type=\"widget\" data-e-type=\"widget\" data-widget_type=\"text-editor.default\">\n\t\t\t\t<div class=\"elementor-widget-container\">\n\t\t\t\t\t\t\t\t\t<p>Titulaire d\u2019un dipl\u00f4me de Master 2 en droit social, Anne-Sophie Lehembre a d\u00e9but\u00e9 sa carri\u00e8re professionnelle en 2017 et a rejoint le cabinet<br \/>VOLTAIRE AVOCATS en janvier 2023.<\/p><p>Elle exerce une activit\u00e9 de conseil et de contentieux, avec une app\u00e9tence pour les relations collectives.<\/p><p>Elle intervient \u00e0 l\u2019Universit\u00e9 de Tours au sein du master Juriste d\u2019entreprise relations de travail.<\/p><p>Domaines d\u2019intervention :<\/p><ul><li>Conseil relations collectives et individuelles<\/li><li>Contentieux collectifs et individuels<\/li><li>Droit p\u00e9nal du travail<\/li><\/ul>\t\t\t\t\t\t\t\t<\/div>\n\t\t\t\t<\/div>\n\t\t\t\t<div class=\"elementor-element elementor-element-21703c16 accordion-voltaire-collaborateur elementor-widget elementor-widget-gt3-core-accordion\" data-id=\"21703c16\" data-element_type=\"widget\" data-e-type=\"widget\" data-widget_type=\"gt3-core-accordion.default\">\n\t\t\t\t<div class=\"elementor-widget-container\">\n\t\t\t\t\t\t<div class=\"accordion_wrapper\" data-settings=\"{&quot;collapsible&quot;:true,&quot;active&quot;:false}\">\n\t<div class=\"item_title\">Formation<\/div><div class=\"item_content\"><ul><li>Master 2 Juriste d\u2019entreprise relations de travail \u00e0 l\u2019Universit\u00e9 de Tours - 2013<\/li><li>Certificat d\u2019Aptitude \u00e0 la Profession d\u2019Avocat \u2013 2016<\/li><\/ul><\/div><\/div><script type=\"application\/json\" id=\"settings--21703c16\">{\"collapsible\":true,\"active\":false}<\/script>\t\t\t\t<\/div>\n\t\t\t\t<\/div>\n\t\t\t\t\t<\/div>\n\t\t<\/div>\n\t\t\t\t\t<\/div>\n\t\t<\/section>\n\t\t\t\t\t<\/div>\n\t\t<\/div>\n\t\t\t\t<div class=\"elementor-column elementor-col-50 elementor-top-column elementor-element elementor-element-64f3f177\" data-id=\"64f3f177\" data-element_type=\"column\" data-e-type=\"column\">\n\t\t\t<div class=\"elementor-widget-wrap\">\n\t\t\t\t\t\t\t<\/div>\n\t\t<\/div>\n\t\t\t\t\t<\/div>\n\t\t<\/section>\n\t\t\t\t<\/div>\n\t\t","protected":false},"excerpt":{"rendered":"<p>asl@voltaire-avocats.com Voir mon profil Contactez-nous voir notre \u00e9quipe Anne-Sophie LehembreAvocat Titulaire d\u2019un dipl\u00f4me de Master 2 en droit social, Anne-Sophie Lehembre a d\u00e9but\u00e9 sa carri\u00e8re professionnelle en 2017 et a rejoint le cabinetVOLTAIRE AVOCATS en janvier 2023. Elle exerce une activit\u00e9 de conseil et de contentieux, avec une app\u00e9tence pour les relations collectives. Elle intervient [&hellip;]<\/p>\n","protected":false},"author":1,"featured_media":0,"parent":15563,"menu_order":0,"comment_status":"closed","ping_status":"closed","template":"","meta":{"_acf_changed":false,"_seopress_robots_primary_cat":"","_seopress_titles_title":"Anne-Sophie Lehembre Avocat droit social | Voltaire Avocats","_seopress_titles_desc":"Anne-Sophie Lehembre - Voltaire Avocats. Elle exerce une activit\u00e9 de conseil et de contentieux, avec une app\u00e9tence pour les relations collectives.","_seopress_robots_index":"","footnotes":""},"class_list":["post-22587","page","type-page","status-publish","hentry"],"acf":[],"_links":{"self":[{"href":"https:\/\/www.voltaire-avocats.com\/fr\/wp-json\/wp\/v2\/pages\/22587","targetHints":{"allow":["GET"]}}],"collection":[{"href":"https:\/\/www.voltaire-avocats.com\/fr\/wp-json\/wp\/v2\/pages"}],"about":[{"href":"https:\/\/www.voltaire-avocats.com\/fr\/wp-json\/wp\/v2\/types\/page"}],"author":[{"embeddable":true,"href":"https:\/\/www.voltaire-avocats.com\/fr\/wp-json\/wp\/v2\/users\/1"}],"replies":[{"embeddable":true,"href":"https:\/\/www.voltaire-avocats.com\/fr\/wp-json\/wp\/v2\/comments?post=22587"}],"version-history":[{"count":3,"href":"https:\/\/www.voltaire-avocats.com\/fr\/wp-json\/wp\/v2\/pages\/22587\/revisions"}],"predecessor-version":[{"id":27014,"href":"https:\/\/www.voltaire-avocats.com\/fr\/wp-json\/wp\/v2\/pages\/22587\/revisions\/27014"}],"up":[{"embeddable":true,"href":"https:\/\/www.voltaire-avocats.com\/fr\/wp-json\/wp\/v2\/pages\/15563"}],"wp:attachment":[{"href":"https:\/\/www.voltaire-avocats.com\/fr\/wp-json\/wp\/v2\/media?parent=22587"}],"curies":[{"name":"wp","href":"https:\/\/api.w.org\/{rel}","templated":true}]}}