{"id":28481,"date":"2026-03-12T13:36:58","date_gmt":"2026-03-12T12:36:58","guid":{"rendered":"https:\/\/www.voltaire-avocats.com\/?page_id=28481"},"modified":"2026-03-12T14:48:34","modified_gmt":"2026-03-12T13:48:34","slug":"jossy-mendes","status":"publish","type":"page","link":"https:\/\/www.voltaire-avocats.com\/fr\/notre-equipe\/jossy-mendes\/","title":{"rendered":"Jossy Mendes"},"content":{"rendered":"\t\t<div data-elementor-type=\"wp-page\" data-elementor-id=\"28481\" class=\"elementor elementor-28481\" data-elementor-post-type=\"page\">\n\t\t\t\t\t\t<section class=\"elementor-section elementor-top-section elementor-element elementor-element-3b51af7 elementor-section-boxed elementor-section-height-default elementor-section-height-default\" data-id=\"3b51af7\" data-element_type=\"section\" data-e-type=\"section\">\n\t\t\t\t\t\t<div class=\"elementor-container elementor-column-gap-default\">\n\t\t\t\t\t<div class=\"elementor-column elementor-col-33 elementor-top-column elementor-element elementor-element-c0af47a\" data-id=\"c0af47a\" data-element_type=\"column\" data-e-type=\"column\">\n\t\t\t<div class=\"elementor-widget-wrap\">\n\t\t\t\t\t\t\t<\/div>\n\t\t<\/div>\n\t\t\t\t<div class=\"elementor-column elementor-col-66 elementor-top-column elementor-element elementor-element-015aeb0\" data-id=\"015aeb0\" data-element_type=\"column\" data-e-type=\"column\" data-settings=\"{&quot;background_background&quot;:&quot;classic&quot;}\">\n\t\t\t<div class=\"elementor-widget-wrap elementor-element-populated\">\n\t\t\t\t\t\t\t<\/div>\n\t\t<\/div>\n\t\t\t\t\t<\/div>\n\t\t<\/section>\n\t\t\t\t<section class=\"elementor-section elementor-top-section elementor-element elementor-element-197cbff elementor-section-boxed elementor-section-height-default elementor-section-height-default\" data-id=\"197cbff\" data-element_type=\"section\" data-e-type=\"section\">\n\t\t\t\t\t\t<div class=\"elementor-container elementor-column-gap-default\">\n\t\t\t\t\t<div class=\"elementor-column elementor-col-50 elementor-top-column elementor-element elementor-element-890e606\" data-id=\"890e606\" data-element_type=\"column\" data-e-type=\"column\" data-settings=\"{&quot;background_background&quot;:&quot;classic&quot;}\">\n\t\t\t<div class=\"elementor-widget-wrap elementor-element-populated\">\n\t\t\t\t\t\t<section class=\"elementor-section elementor-inner-section elementor-element elementor-element-7c038a1 elementor-section-boxed elementor-section-height-default elementor-section-height-default\" data-id=\"7c038a1\" data-element_type=\"section\" data-e-type=\"section\">\n\t\t\t\t\t\t<div class=\"elementor-container elementor-column-gap-default\">\n\t\t\t\t\t<div class=\"elementor-column elementor-col-50 elementor-inner-column elementor-element elementor-element-07c1f5b\" data-id=\"07c1f5b\" data-element_type=\"column\" data-e-type=\"column\" data-settings=\"{&quot;background_background&quot;:&quot;classic&quot;}\">\n\t\t\t<div class=\"elementor-widget-wrap elementor-element-populated\">\n\t\t\t\t\t\t<div class=\"elementor-element elementor-element-6439862 elementor-widget elementor-widget-image\" data-id=\"6439862\" data-element_type=\"widget\" data-e-type=\"widget\" data-widget_type=\"image.default\">\n\t\t\t\t<div class=\"elementor-widget-container\">\n\t\t\t\t\t\t\t\t\t\t\t\t\t\t\t<img fetchpriority=\"high\" decoding=\"async\" width=\"445\" height=\"543\" src=\"https:\/\/www.voltaire-avocats.com\/wp-content\/uploads\/2026\/03\/Jossy-Mendes-Voltaire-Avocats.jpg\" class=\"attachment-large size-large wp-image-28486\" alt=\"\" srcset=\"https:\/\/www.voltaire-avocats.com\/wp-content\/uploads\/2026\/03\/Jossy-Mendes-Voltaire-Avocats.jpg 445w, https:\/\/www.voltaire-avocats.com\/wp-content\/uploads\/2026\/03\/Jossy-Mendes-Voltaire-Avocats-246x300.jpg 246w\" sizes=\"(max-width: 445px) 100vw, 445px\" title=\"Jossy-Mendes-Voltaire-Avocats\" \/>\t\t\t\t\t\t\t\t\t\t\t\t\t\t\t<\/div>\n\t\t\t\t<\/div>\n\t\t\t\t<div class=\"elementor-element-custom_font_weight elementor-element-custom_color elementor-element elementor-element-60ef560 elementor-widget elementor-widget-text-editor\" data-id=\"60ef560\" data-element_type=\"widget\" data-e-type=\"widget\" data-widget_type=\"text-editor.default\">\n\t\t\t\t<div class=\"elementor-widget-container\">\n\t\t\t\t\t\t\t\t\t<p>jom@voltaire-avocats.com<\/p>\t\t\t\t\t\t\t\t<\/div>\n\t\t\t\t<\/div>\n\t\t\t\t<div class=\"elementor-element elementor-element-43b6056 elementor-align-center btn-voltaire-100 elementor-widget elementor-widget-button\" data-id=\"43b6056\" data-element_type=\"widget\" data-e-type=\"widget\" data-widget_type=\"button.default\">\n\t\t\t\t<div class=\"elementor-widget-container\">\n\t\t\t\t\t\t\t\t\t<div class=\"elementor-button-wrapper\">\n\t\t\t\t\t<a class=\"elementor-button elementor-button-link elementor-size-sm\" href=\"https:\/\/www.linkedin.com\/in\/jossy-mendes-344a25109\/?locale=true\" target=\"_blank\">\n\t\t\t\t\t\t<span class=\"elementor-button-content-wrapper\">\n\t\t\t\t\t\t<span class=\"elementor-button-icon\">\n\t\t\t\t<i aria-hidden=\"true\" class=\"fab fa-linkedin-in\"><\/i>\t\t\t<\/span>\n\t\t\t\t\t\t\t\t\t<span class=\"elementor-button-text\">Voir mon profil<\/span>\n\t\t\t\t\t<\/span>\n\t\t\t\t\t<\/a>\n\t\t\t\t<\/div>\n\t\t\t\t\t\t\t\t<\/div>\n\t\t\t\t<\/div>\n\t\t\t\t<div class=\"elementor-element elementor-element-117b749 elementor-align-center btn-voltaire-100 elementor-widget elementor-widget-button\" data-id=\"117b749\" data-element_type=\"widget\" data-e-type=\"widget\" data-widget_type=\"button.default\">\n\t\t\t\t<div class=\"elementor-widget-container\">\n\t\t\t\t\t\t\t\t\t<div class=\"elementor-button-wrapper\">\n\t\t\t\t\t<a class=\"elementor-button elementor-button-link elementor-size-sm\" href=\"https:\/\/www.voltaire-avocats.com\/fr\/contactez-nous\/\">\n\t\t\t\t\t\t<span class=\"elementor-button-content-wrapper\">\n\t\t\t\t\t\t<span class=\"elementor-button-icon\">\n\t\t\t\t<i aria-hidden=\"true\" class=\"far fa-paper-plane\"><\/i>\t\t\t<\/span>\n\t\t\t\t\t\t\t\t\t<span class=\"elementor-button-text\">Contactez-nous<\/span>\n\t\t\t\t\t<\/span>\n\t\t\t\t\t<\/a>\n\t\t\t\t<\/div>\n\t\t\t\t\t\t\t\t<\/div>\n\t\t\t\t<\/div>\n\t\t\t\t<div class=\"elementor-element elementor-element-35e0d72 elementor-align-center btn-voltaire-100 elementor-widget elementor-widget-button\" data-id=\"35e0d72\" data-element_type=\"widget\" data-e-type=\"widget\" data-widget_type=\"button.default\">\n\t\t\t\t<div class=\"elementor-widget-container\">\n\t\t\t\t\t\t\t\t\t<div class=\"elementor-button-wrapper\">\n\t\t\t\t\t<a class=\"elementor-button elementor-button-link elementor-size-sm\" href=\"https:\/\/www.voltaire-avocats.com\/fr\/notre-equipe\/\">\n\t\t\t\t\t\t<span class=\"elementor-button-content-wrapper\">\n\t\t\t\t\t\t<span class=\"elementor-button-icon\">\n\t\t\t\t<i aria-hidden=\"true\" class=\"fas fa-long-arrow-alt-right\"><\/i>\t\t\t<\/span>\n\t\t\t\t\t\t\t\t\t<span class=\"elementor-button-text\">voir notre \u00e9quipe<\/span>\n\t\t\t\t\t<\/span>\n\t\t\t\t\t<\/a>\n\t\t\t\t<\/div>\n\t\t\t\t\t\t\t\t<\/div>\n\t\t\t\t<\/div>\n\t\t\t\t\t<\/div>\n\t\t<\/div>\n\t\t\t\t<div class=\"elementor-column elementor-col-50 elementor-inner-column elementor-element elementor-element-d1e72f5\" data-id=\"d1e72f5\" data-element_type=\"column\" data-e-type=\"column\">\n\t\t\t<div class=\"elementor-widget-wrap elementor-element-populated\">\n\t\t\t\t\t\t<div class=\"elementor-element elementor-element-fe56ef4 elementor-widget elementor-widget-heading\" data-id=\"fe56ef4\" data-element_type=\"widget\" data-e-type=\"widget\" data-widget_type=\"heading.default\">\n\t\t\t\t<div class=\"elementor-widget-container\">\n\t\t\t\t\t<h1 class=\"elementor-heading-title elementor-size-default\">Jossy MENDES<br \/><span style=\"text-transform:none;font-size:24px;color:#1D1E29\">Avocat<\/span><\/h1>\t\t\t\t<\/div>\n\t\t\t\t<\/div>\n\t\t\t\t<div class=\"elementor-element-custom_line_height elementor-element elementor-element-8316cd6 elementor-widget elementor-widget-text-editor\" data-id=\"8316cd6\" data-element_type=\"widget\" data-e-type=\"widget\" data-widget_type=\"text-editor.default\">\n\t\t\t\t<div class=\"elementor-widget-container\">\n\t\t\t\t\t\t\t\t\t<p>Titulaire d\u2019un Master II en droit social et mobilit\u00e9 internationale, Jossy MENDES a rejoint le cabinet VOLTAIRE AVOCATS en mars 2026.<\/p><p>Il a d\u00e9but\u00e9 sa carri\u00e8re en qualit\u00e9 de juriste, tant en entreprise qu\u2019en cabinets d\u2019avocats, avant d\u2019exercer en tant qu\u2019avocat au sein de structures parisiennes intervenant en droit social.<\/p><p>Jossy MENDES accompagne les clients dans l\u2019ensemble des probl\u00e9matiques relevant du droit social, aussi bien en conseil qu\u2019en contentieux, en leur apportant une expertise rigoureuse et une approche pragmatique adapt\u00e9e \u00e0 leurs enjeux.<\/p>\t\t\t\t\t\t\t\t<\/div>\n\t\t\t\t<\/div>\n\t\t\t\t<div class=\"elementor-element elementor-element-9ad88dd accordion-voltaire-collaborateur elementor-widget elementor-widget-gt3-core-accordion\" data-id=\"9ad88dd\" data-element_type=\"widget\" data-e-type=\"widget\" data-widget_type=\"gt3-core-accordion.default\">\n\t\t\t\t<div class=\"elementor-widget-container\">\n\t\t\t\t\t\t<div class=\"accordion_wrapper\" data-settings=\"{&quot;collapsible&quot;:true,&quot;active&quot;:false}\">\n\t<div class=\"item_title\">Formation<\/div><div class=\"item_content\"><ul>\n \t<li>EFB Paris, 2020\/2021\n<\/br>Certificat d'aptitude \u00e0 la profession d'avocat, Droit<\/li>\n \t<li>Universit\u00e9 Lumi\u00e8re Lyon 2, 2015\/2016\n<\/br>Master 2 \u2013 Droit et Mobilit\u00e9 Internationale des Travailleurs<\/li>\n \t<li>Universit\u00e9 Lumi\u00e8re Lyon 2, 2014\/2015\n<\/br>Master en droit (sp\u00e9cialisation droit du travail)<\/li>\n \t<li>Universit\u00e9 Paris-Saclay, 2012\/2013\n<\/br>Licence de droit<\/li>\n<\/ul><\/div><\/div><script type=\"application\/json\" id=\"settings--9ad88dd\">{\"collapsible\":true,\"active\":false}<\/script>\t\t\t\t<\/div>\n\t\t\t\t<\/div>\n\t\t\t\t\t<\/div>\n\t\t<\/div>\n\t\t\t\t\t<\/div>\n\t\t<\/section>\n\t\t\t\t\t<\/div>\n\t\t<\/div>\n\t\t\t\t<div class=\"elementor-column elementor-col-50 elementor-top-column elementor-element elementor-element-04e1ffc\" data-id=\"04e1ffc\" data-element_type=\"column\" data-e-type=\"column\">\n\t\t\t<div class=\"elementor-widget-wrap\">\n\t\t\t\t\t\t\t<\/div>\n\t\t<\/div>\n\t\t\t\t\t<\/div>\n\t\t<\/section>\n\t\t\t\t<\/div>\n\t\t","protected":false},"excerpt":{"rendered":"<p>jom@voltaire-avocats.com Voir mon profil Contactez-nous voir notre \u00e9quipe Jossy MENDESAvocat Titulaire d\u2019un Master II en droit social et mobilit\u00e9 internationale, Jossy MENDES a rejoint le cabinet VOLTAIRE AVOCATS en mars 2026. Il a d\u00e9but\u00e9 sa carri\u00e8re en qualit\u00e9 de juriste, tant en entreprise qu\u2019en cabinets d\u2019avocats, avant d\u2019exercer en tant qu\u2019avocat au sein de structures [&hellip;]<\/p>\n","protected":false},"author":7,"featured_media":0,"parent":15563,"menu_order":0,"comment_status":"closed","ping_status":"closed","template":"","meta":{"_acf_changed":false,"_seopress_robots_primary_cat":"","_seopress_titles_title":"Jossy Mendes : Avocat en droit social | Voltaire Avocats","_seopress_titles_desc":"Jossy Mendes - Voltaire Avocats. Titulaire d'un Master II en droit social et mobilit\u00e9 internationale, il intervient en conseil et en contentieux.","_seopress_robots_index":"","footnotes":""},"class_list":["post-28481","page","type-page","status-publish","hentry"],"acf":[],"_links":{"self":[{"href":"https:\/\/www.voltaire-avocats.com\/fr\/wp-json\/wp\/v2\/pages\/28481","targetHints":{"allow":["GET"]}}],"collection":[{"href":"https:\/\/www.voltaire-avocats.com\/fr\/wp-json\/wp\/v2\/pages"}],"about":[{"href":"https:\/\/www.voltaire-avocats.com\/fr\/wp-json\/wp\/v2\/types\/page"}],"author":[{"embeddable":true,"href":"https:\/\/www.voltaire-avocats.com\/fr\/wp-json\/wp\/v2\/users\/7"}],"replies":[{"embeddable":true,"href":"https:\/\/www.voltaire-avocats.com\/fr\/wp-json\/wp\/v2\/comments?post=28481"}],"version-history":[{"count":3,"href":"https:\/\/www.voltaire-avocats.com\/fr\/wp-json\/wp\/v2\/pages\/28481\/revisions"}],"predecessor-version":[{"id":28525,"href":"https:\/\/www.voltaire-avocats.com\/fr\/wp-json\/wp\/v2\/pages\/28481\/revisions\/28525"}],"up":[{"embeddable":true,"href":"https:\/\/www.voltaire-avocats.com\/fr\/wp-json\/wp\/v2\/pages\/15563"}],"wp:attachment":[{"href":"https:\/\/www.voltaire-avocats.com\/fr\/wp-json\/wp\/v2\/media?parent=28481"}],"curies":[{"name":"wp","href":"https:\/\/api.w.org\/{rel}","templated":true}]}}